{"id":18,"date":"2022-04-11T13:25:02","date_gmt":"2022-04-11T13:25:02","guid":{"rendered":"https:\/\/beg.intervencao-design.pt\/wp\/?page_id=18"},"modified":"2022-04-22T14:28:04","modified_gmt":"2022-04-22T14:28:04","slug":"portefolio","status":"publish","type":"page","link":"https:\/\/beg.intervencao-design.pt\/wp\/?page_id=18","title":{"rendered":"Empresa"},"content":{"rendered":"\n\n\n\n\n\n\n\n<p style=\"border: 0px; outline-style: initial; outline-width: 0px; font-size: 14px; vertical-align: baseline; background: rgb(255, 255, 255); transition: none 0s ease 0s; font-family: Montserrat; line-height: 20px; color: rgb(255, 255, 255);\"><span fs=\"18\" ln=\"24\" style=\"border: 0px; outline-style: initial; outline-width: 0px; font-size: 18px; vertical-align: baseline; background: transparent; transition: none 0s ease 0s; line-height: 24px; letter-spacing: 0px; color: rgb(0, 0, 0);\"><strong>Criada em 1977, a Estamparia BEG&nbsp;\u00e9 uma<\/strong><\/span><\/p><p style=\"border: 0px; outline-style: initial; outline-width: 0px; font-size: 14px; vertical-align: baseline; background: rgb(255, 255, 255); transition: none 0s ease 0s; font-family: Montserrat; line-height: 20px; color: rgb(255, 255, 255);\"><span fs=\"18\" ln=\"24\" style=\"border: 0px; outline-style: initial; outline-width: 0px; font-size: 18px; vertical-align: baseline; background: transparent; transition: none 0s ease 0s; line-height: 24px; letter-spacing: 0px; color: rgb(0, 0, 0);\"><strong>das estamparias \u00e0&nbsp;pe\u00e7a mais antigas de Portugal.<\/strong><\/span><\/p><p style=\"border: 0px; outline-style: initial; outline-width: 0px; font-size: 14px; vertical-align: baseline; background: rgb(255, 255, 255); transition: none 0s ease 0s; font-family: Montserrat; line-height: 20px; color: rgb(255, 255, 255);\">&nbsp;<\/p><p style=\"border: 0px; outline-style: initial; outline-width: 0px; font-size: 14px; vertical-align: baseline; background: rgb(255, 255, 255); transition: none 0s ease 0s; font-family: Montserrat; line-height: 20px; color: rgb(255, 255, 255);\"><span fs=\"12\" ln=\"18\" style=\"border: 0px; outline-style: initial; outline-width: 0px; font-size: 12px; vertical-align: baseline; background: transparent; transition: none 0s ease 0s; line-height: 18px; letter-spacing: 0px; color: rgb(0, 0, 0);\">Fundada por Manuel Barbosa Esteves e Maria de Lurdes Coelho Gon\u00e7alves, a estamparia BEG conta hoje com mais de 40 colaboradores que merecem o nosso reconhecimento pois di\u00e1riamente se empenham na expans\u00e3o da empresa e na garantia de um trabalho de qualidade para v\u00e1rias marcas reconhecidas mundialmente. A experi\u00eancia adquirida ao longo dos anos e aliada \u00e1 tecnologia de ponta, permite oferecer produtos de qualidade e uma grande variedade de t\u00e9cnicas de estampado. Investimos em ferramentas de produ\u00e7\u00e3o e forma\u00e7\u00e3o de pessoal de uma forma planeada e sustentada, tendo como matriz a vanguarda e a inova\u00e7\u00e3o, de forma a permitir a satisfa\u00e7\u00e3o plena dos nossos clientes.<\/span><\/p><p style=\"border: 0px; outline-style: initial; outline-width: 0px; font-size: 14px; vertical-align: baseline; background: rgb(255, 255, 255); transition: none 0s ease 0s; font-family: Montserrat; line-height: 20px; color: rgb(255, 255, 255);\">&nbsp;<\/p><p style=\"border: 0px; outline-style: initial; outline-width: 0px; font-size: 14px; vertical-align: baseline; background: rgb(255, 255, 255); transition: none 0s ease 0s; font-family: Montserrat; line-height: 20px; color: rgb(255, 255, 255);\"><span fs=\"12\" ln=\"18\" style=\"border: 0px; outline-style: initial; outline-width: 0px; font-size: 12px; vertical-align: baseline; background: transparent; transition: none 0s ease 0s; line-height: 18px; letter-spacing: 0px; color: rgb(0, 0, 0);\">Conscientes do impacto ambiental que a nossa actividade exerce sobre o meio que nos rodeia, investimos no sentido de minimizar os seus efeitos e \u00e9 com orgulho que somos certificados em estampados GOTS ( Global Organic Textiles Standart) &nbsp;e OCS ( Organic Content&nbsp; Standart).<\/span><\/p><p style=\"border: 0px; outline-style: initial; outline-width: 0px; font-size: 14px; vertical-align: baseline; background: rgb(255, 255, 255); transition: none 0s ease 0s; font-family: Montserrat; line-height: 20px; color: rgb(255, 255, 255); text-align: justify;\">&nbsp;<\/p>\n\n\n\n\n\n\n\n<p id=\"title_1502278949117\" omw-datasource=\"\" omw-dsaction=\"\" data-wow-duration=\"0.5s\" data-wow-delay=\"0.5s\" module=\"title\" class=\"module                                                   wow fadeInDown ui-sortable-handle ui-draggable ui-draggable-handle ui-droppable animated\" style=\"  x; border: 0px solid transparent; outline-style: initial; outline-width: 0px; font-size: 16px; vertical-align: baseline; background: rgb(255, 255, 255); clear: both; visibility: visible; animation: 0.5s ease 0.5s 1 normal none running fadeInDown; cursor: default; color: rgb(51, 51, 51); font-family: &quot;Helvetica Neue&quot;, Helvetica, Arial, sans-serif; table-layout: fixed; display: table; position: relative; float: none;\"><p style=\"border: 0px; outline-style: initial; outline-width: 0px; vertical-align: baseline; background: transparent; transition: none 0s ease 0s; table-layout: fixed; width: 397.6px; display: table-cell; max-width: 100%;\"><p class=\"omw-sentence\" style=\"border: 0px; outline-style: initial; outline-width: 0px; vertical-align: baseline; background: transparent; transition: none 0s ease 0s; position: relative;\"><p style=\"border: 0px; outline-style: initial; outline-width: 0px; font-size: 14px; vertical-align: baseline; background: transparent; transition: none 0s ease 0s; font-family: Montserrat; line-height: 20px; letter-spacing: 0px; color: rgb(255, 255, 255); text-align: center;\"><span data-mce-style=\"font-size: 20px; line-height: 26px; color: #000000;\" fs=\"20\" ln=\"26\" style=\"border: 0px; outline-style: initial; outline-width: 0px; font-size: 20px; vertical-align: baseline; background: transparent; transition: none 0s ease 0s; opacity: 1; line-height: 26px; letter-spacing: 0px; color: rgb(0, 0, 0);\"><strong style=\"font-weight: bold; border: 0px; outline-style: initial; outline-width: 0px; vertical-align: baseline; background: transparent; transition: none 0s ease 0s;\">NO CAMINHO DA SUSTENTABILIDADE<\/strong><\/span><\/p><\/p><\/p><\/p><p id=\"text_1502278878938\" omw-datasource=\"\" omw-dsaction=\"\" data-wow-duration=\"0s\" data-wow-delay=\"0.5s\" module=\"text\" class=\"module                                                   wow fadeIn ui-sortable-handle ui-draggable ui-draggable-handle ui-droppable animated\" style=\"margin-top: 30px; margin-right: 10px; margin-left: 10px; border: 0px solid transparent; outline-style: initial; outline-width: 0px; font-size: 16px; vertical-align: baseline; background: rgb(255, 255, 255); clear: both; visibility: visible; animation: 0s ease 0.5s 1 normal none running fadeIn; cursor: default; color: rgb(51, 51, 51); font-family: &quot;Helvetica Neue&quot;, Helvetica, Arial, sans-serif; table-layout: fixed; display: table; position: relative; float: none;\"><p style=\"border: 0px; outline-style: initial; outline-width: 0px; vertical-align: baseline; background: transparent; transition: none 0s ease 0s; table-layout: fixed; width: 792.688px; display: table-cell; max-width: 100%;\"><p class=\"omw-sentence\" style=\"border: 0px; outline-style: initial; outline-width: 0px; vertical-align: baseline; background: transparent; transition: none 0s ease 0s; position: relative;\"><p style=\"border: 0px; outline-style: initial; outline-width: 0px; font-size: 14px; vertical-align: baseline; background: transparent; transition: none 0s ease 0s; font-family: Montserrat; line-height: 20px; letter-spacing: 0px; color: rgb(255, 255, 255); text-align: center;\">&nbsp;<span data-mce-style=\"color: #000000;\" fs=\"14\" ln=\"20\" style=\"border: 0px; outline-style: initial; outline-width: 0px; vertical-align: baseline; background: transparent; transition: none 0s ease 0s; line-height: 20px; letter-spacing: 0px; color: rgb(0, 0, 0);\">A energia solar \u00e9 considerada uma energia limpa e renov\u00e1vel \u2013 pois n\u00e3o gera nenhum tipo de res\u00edduo e \u00e9 constante no planeta.&nbsp;<\/span><span data-mce-style=\"color: #000000;\" fs=\"14\" ln=\"20\" style=\"border: 0px; outline-style: initial; outline-width: 0px; vertical-align: baseline; background: transparent; transition: none 0s ease 0s; line-height: 20px; letter-spacing: 0px; color: rgb(0, 0, 0);\">Considerando que Portugal \u00e9 um dos pa\u00edses europeus com maior exposi\u00e7\u00e3o solar, investimos na produ\u00e7\u00e3o de energia el\u00e9trica atrav\u00e9s de paineis foto-voltaicos, seguindo o caminho da sustentabilidade e com isso contribuir para um&nbsp;planeta &#8220;mais verde&#8221;.<\/span><\/p><\/p><\/p><\/p>\n\n\n\n\n<p id=\"title_1502366522081\" omw-datasource=\"\" omw-dsaction=\"\" data-wow-duration=\"\" data-wow-delay=\"\" module=\"title\" class=\"module    ui-sortable-handle ui-draggable ui-draggable-handle ui-droppable controloAddContent_moduleborder\" style=\"margin-right: auto; margin-bottom: 30px; margin-left: auto; border: 0px solid transparent; outline-style: initial; outline-width: 0px; font-size: 16px; vertical-align: baseline; background-image: initial; background-position: initial; background-size: initial; background-repeat: initial; background-attachment: initial; background-origin: initial; background-clip: initial; transition: none 0s ease 0s; clear: both; cursor: default; color: rgb(51, 51, 51); font-family: &quot;Helvetica Neue&quot;, Helvetica, Arial, sans-serif; table-layout: fixed; display: table; position: relative; float: none; animation-name: none;\"><\/p><p style=\"border: 0px; outline-style: initial; outline-width: 0px; vertical-align: baseline; background: transparent; transition: none 0s ease 0s; table-layout: fixed; width: 219.2px; display: table-cell; max-width: 100%;\"><\/p><p class=\"omw-sentence\" style=\"border: 0px; outline-style: initial; outline-width: 0px; vertical-align: baseline; background: transparent; transition: none 0s ease 0s; position: relative;\"><\/p><h2 data-mce-style=\"text-align: center;\" fs=\"20\" ln=\"26\" style=\"font-size: 20px; line-height: 26px; font-family: Montserrat; color: rgb(0, 0, 0); border: 0px; outline-style: initial; outline-width: 0px; vertical-align: baseline; background: transparent; transition: none 0s ease 0s; letter-spacing: 0px; text-align: center;\"><span style=\"border: 0px; outline-style: initial; outline-width: 0px; vertical-align: baseline; background: transparent; transition: none 0s ease 0s;\"><span data-mce-style=\"color: #ffffff; font-size: 18px; line-height: 24px; font-family: Lato;\" fs=\"18\" ln=\"24\" style=\"border: 0px; outline-style: initial; outline-width: 0px; font-size: 18px; vertical-align: baseline; background: transparent; transition: none 0s ease 0s; opacity: 1; font-family: Lato; line-height: 24px; letter-spacing: 0px; color: rgb(255, 255, 255);\"><\/span><\/span><\/h2><span style=\"line-height:1.5;\"><p id=\"title_1502366522081\" omw-datasource=\"\" omw-dsaction=\"\" data-wow-duration=\"\" data-wow-delay=\"\" module=\"title\" class=\"module    ui-sortable-handle ui-draggable ui-draggable-handle ui-droppable controloAddContent_moduleborder\" style=\"margin-right: auto; margin-bottom: 30px; margin-left: auto; border: 0px solid transparent; outline-style: initial; outline-width: 0px; font-size: 16px; vertical-align: baseline; background-image: initial; background-position: initial; background-size: initial; background-repeat: initial; background-attachment: initial; background-origin: initial; background-clip: initial; transition: none 0s ease 0s; clear: both; cursor: default; color: rgb(51, 51, 51); font-family: &quot;Helvetica Neue&quot;, Helvetica, Arial, sans-serif; table-layout: fixed; display: table; position: relative; float: none; animation-name: none;\"><\/p><p style=\"border: 0px; outline-style: initial; outline-width: 0px; vertical-align: baseline; background: transparent; transition: none 0s ease 0s; table-layout: fixed; width: 219.2px; display: table-cell; max-width: 100%;\"><\/p><p class=\"omw-sentence\" style=\"border: 0px; outline-style: initial; outline-width: 0px; vertical-align: baseline; background: transparent; transition: none 0s ease 0s; position: relative;\"><\/p><h2 data-mce-style=\"text-align: center;\" fs=\"20\" ln=\"26\" style=\"font-size: 20px; font-family: Montserrat; color: rgb(0, 0, 0); border: 0px; outline-style: initial; outline-width: 0px; vertical-align: baseline; background: transparent; transition: none 0s ease 0s; letter-spacing: 0px; text-align: center;\"><span style=\"border: 0px; outline-style: initial; outline-width: 0px; vertical-align: baseline; background: transparent; transition: none 0s ease 0s;\"><span data-mce-style=\"color: #ffffff; font-size: 18px; line-height: 24px; font-family: Lato;\" fs=\"18\" ln=\"24\" style=\"border: 0px; outline-style: initial; outline-width: 0px; font-size: 18px; vertical-align: baseline; background: transparent; transition: none 0s ease 0s; opacity: 1; font-family: Lato; letter-spacing: 0px; color: rgb(255, 255, 255);\"><strong>PROTEC\u00c7\u00c3O&nbsp;AMBIENTAL<\/strong><\/span><\/span><\/h2><p><\/p><p><\/p><p><\/p><p id=\"text_1489665323277\" omw-datasource=\"\" omw-dsaction=\"\" data-wow-duration=\"1s\" data-wow-delay=\"0s\" module=\"text\" class=\"module                                                   wow fadeIn ui-sortable-handle ui-draggable ui-draggable-handle ui-droppable  controloAddContent_moduleborder animated\" style=\"border: 0px solid transparent; outline-style: initial; outline-width: 0px; font-size: 16px; vertical-align: baseline; background-image: initial; background-position: initial; background-size: initial; background-repeat: initial; background-attachment: initial; background-origin: initial; background-clip: initial; clear: both; visibility: visible; animation-timing-function: ease; animation-delay: 0s; animation-iteration-count: 1; animation-direction: normal; animation-fill-mode: none; animation-play-state: running; cursor: default; color: rgb(51, 51, 51); font-family: &quot;Helvetica Neue&quot;, Helvetica, Arial, sans-serif; table-layout: fixed; display: table; position: relative; float: none;\"><\/p><p style=\"border: 0px; outline-style: initial; outline-width: 0px; vertical-align: baseline; background: transparent; transition: none 0s ease 0s; table-layout: fixed; width: 1219.2px; display: table-cell; max-width: 100%;\"><\/p><p class=\"omw-sentence\" style=\"border: 0px; outline-style: initial; outline-width: 0px; vertical-align: baseline; background: transparent; transition: none 0s ease 0s; position: relative;\"><\/p><p data-mce-style=\"text-align: center;\" style=\"border: 0px; outline-style: initial; outline-width: 0px; font-size: 14px; vertical-align: baseline; background: transparent; transition: none 0s ease 0s; font-family: Montserrat; letter-spacing: 0px; color: rgb(255, 255, 255); text-align: center;\"><span data-mce-style=\"color: #ffffff;\" fs=\"14\" ln=\"20\" style=\"border: 0px; outline-style: initial; outline-width: 0px; vertical-align: baseline; background: transparent; transition: none 0s ease 0s; letter-spacing: 0px;\">Conscientes da responsabilidade do impacto ambiental que a nossa actividade exerce sobre o meio que nos rodeia, temos investido no sentido de minimizar os seus efeitos.<\/span><br style=\"transition: none 0s ease 0s; outline-style: initial; outline-width: 0px;\"><span data-mce-style=\"color: #ffffff;\" fs=\"14\" ln=\"20\" style=\"border: 0px; outline-style: initial; outline-width: 0px; vertical-align: baseline; background: transparent; transition: none 0s ease 0s; letter-spacing: 0px;\">A constru\u00e7\u00e3o de uma Esta\u00e7\u00e3o de Tratamento de \u00c1guas Residuais (ETAR) que permite o tratamento e recupera\u00e7\u00e3o dos afluentes atrav\u00e9s do processo de correc\u00e7\u00e3o do PH e&nbsp;<\/span><span data-mce-style=\"color: #ffffff;\" fs=\"14\" ln=\"20\" style=\"border: 0px; outline-style: initial; outline-width: 0px; vertical-align: baseline; background: transparent; transition: none 0s ease 0s; letter-spacing: 0px;\">flocaliza\u00e7\u00e3o fazendo reten\u00e7\u00e3o dos s\u00f3lidos (lamas) e libertando a \u00e1gua tratada. Separamos todos os res\u00edduos s\u00f3lidos devidamente identificados, catalogados e acondicionados&nbsp;<\/span><span data-mce-style=\"color: #ffffff;\" fs=\"14\" ln=\"20\" style=\"border: 0px; outline-style: initial; outline-width: 0px; vertical-align: baseline; background: transparent; transition: none 0s ease 0s; letter-spacing: 0px;\">para posterior recolha por entidades competentes. Reduzir os materiais poluentes e aplicar tecnologias de tratamento mais eficazes s\u00e3o o nosso compromisso para a&nbsp;<\/span><span data-mce-style=\"color: #ffffff;\" fs=\"14\" ln=\"20\" style=\"border: 0px; outline-style: initial; outline-width: 0px; vertical-align: baseline; background: transparent; transition: none 0s ease 0s; letter-spacing: 0px;\">preserva\u00e7\u00e3o e conserva\u00e7\u00e3o do meio ambiente<\/span><\/p><p><\/p><p><\/p><p><\/p><\/span><p id=\"text_1489665323277\" omw-datasource=\"\" omw-dsaction=\"\" data-wow-duration=\"1s\" data-wow-delay=\"0s\" module=\"text\" class=\"module                                                   wow fadeIn ui-sortable-handle ui-draggable ui-draggable-handle ui-droppable  controloAddContent_moduleborder animated\" style=\"border: 0px solid transparent; outline-style: initial; outline-width: 0px; font-size: 16px; vertical-align: baseline; background-image: initial; background-position: initial; background-size: initial; background-repeat: initial; background-attachment: initial; background-origin: initial; background-clip: initial; clear: both; visibility: visible; animation-timing-function: ease; animation-delay: 0s; animation-iteration-count: 1; animation-direction: normal; animation-fill-mode: none; animation-play-state: running; cursor: default; color: rgb(51, 51, 51); font-family: &quot;Helvetica Neue&quot;, Helvetica, Arial, sans-serif; table-layout: fixed; display: table; position: relative; float: none;\"><\/p><p style=\"border: 0px; outline-style: initial; outline-width: 0px; vertical-align: baseline; background: transparent; transition: none 0s ease 0s; table-layout: fixed; width: 1219.2px; display: table-cell; max-width: 100%;\"><\/p><p class=\"omw-sentence\" style=\"border: 0px; outline-style: initial; outline-width: 0px; vertical-align: baseline; background: transparent; transition: none 0s ease 0s; position: relative;\"><\/p><p data-mce-style=\"text-align: center;\" style=\"border: 0px; outline-style: initial; outline-width: 0px; font-size: 14px; vertical-align: baseline; background: transparent; transition: none 0s ease 0s; font-family: Montserrat; line-height: 20px; letter-spacing: 0px; color: rgb(255, 255, 255); text-align: center;\"><span data-mce-style=\"color: #ffffff;\" fs=\"14\" ln=\"20\" style=\"border: 0px; outline-style: initial; outline-width: 0px; vertical-align: baseline; background: transparent; transition: none 0s ease 0s; line-height: 20px; letter-spacing: 0px;\">.<\/span><\/p>\n\n\n","protected":false},"excerpt":{"rendered":"","protected":false},"author":1,"featured_media":0,"parent":0,"menu_order":0,"comment_status":"closed","ping_status":"closed","template":"","meta":{"footnotes":""},"class_list":["post-18","page","type-page","status-publish","hentry"],"_links":{"self":[{"href":"https:\/\/beg.intervencao-design.pt\/wp\/index.php?rest_route=\/wp\/v2\/pages\/18","targetHints":{"allow":["GET"]}}],"collection":[{"href":"https:\/\/beg.intervencao-design.pt\/wp\/index.php?rest_route=\/wp\/v2\/pages"}],"about":[{"href":"https:\/\/beg.intervencao-design.pt\/wp\/index.php?rest_route=\/wp\/v2\/types\/page"}],"author":[{"embeddable":true,"href":"https:\/\/beg.intervencao-design.pt\/wp\/index.php?rest_route=\/wp\/v2\/users\/1"}],"replies":[{"embeddable":true,"href":"https:\/\/beg.intervencao-design.pt\/wp\/index.php?rest_route=%2Fwp%2Fv2%2Fcomments&post=18"}],"version-history":[{"count":36,"href":"https:\/\/beg.intervencao-design.pt\/wp\/index.php?rest_route=\/wp\/v2\/pages\/18\/revisions"}],"predecessor-version":[{"id":312,"href":"https:\/\/beg.intervencao-design.pt\/wp\/index.php?rest_route=\/wp\/v2\/pages\/18\/revisions\/312"}],"wp:attachment":[{"href":"https:\/\/beg.intervencao-design.pt\/wp\/index.php?rest_route=%2Fwp%2Fv2%2Fmedia&parent=18"}],"curies":[{"name":"wp","href":"https:\/\/api.w.org\/{rel}","templated":true}]}}